{"id":16,"date":"2020-12-06T16:09:04","date_gmt":"2020-12-06T15:09:04","guid":{"rendered":"http:\/\/cppp.org.pl\/?page_id=16"},"modified":"2024-04-02T08:11:06","modified_gmt":"2024-04-02T06:11:06","slug":"kontakt","status":"publish","type":"page","link":"https:\/\/cppp.org.pl\/index.php\/kontakt\/","title":{"rendered":"Kontakt"},"content":{"rendered":"\n<p class=\"has-text-align-center\"><img loading=\"lazy\" width=\"669\" height=\"305\" class=\"wp-image-511\" style=\"width: 300px;\" src=\"http:\/\/cppp.org.pl\/wp-content\/uploads\/2024\/03\/logotyp.png\" alt=\"\" srcset=\"https:\/\/cppp.org.pl\/wp-content\/uploads\/2024\/03\/logotyp.png 669w, https:\/\/cppp.org.pl\/wp-content\/uploads\/2024\/03\/logotyp-300x137.png 300w\" sizes=\"(max-width: 669px) 100vw, 669px\" \/><br><\/p>\n\n\n\n<p>Aby um\u00f3wi\u0107 si\u0119 na <strong>pierwsz\u0105 konsultacj\u0119<\/strong>, prosimy o uzupe\u0142nienie formularza zapis\u00f3w:<br><strong><a rel=\"noreferrer noopener\" href=\"https:\/\/forms.gle\/onSTf19skH1gbgmo8\" target=\"_blank\"><span class=\"has-inline-color has-vivid-cyan-blue-color\">FORMULARZ ZAPISU ONLINE<\/span><\/a><\/strong><br>Po otrzymaniu zg\u0142oszenia skontaktujemy si\u0119 w celu potwierdzenia zapisu oraz ustalenia miejsca, terminu i godziny konsultacji.&nbsp;<\/p>\n\n\n\n<p>Aby um\u00f3wi\u0107 si\u0119 na <strong>kolejne konsultacje<\/strong> prosimy o kontakt telefoniczny pod numerem <strong><span class=\"has-inline-color has-vivid-cyan-blue-color\">572 88 22 00<\/span><\/strong><br>od poniedzia\u0142ku do pi\u0105tku w godz. 12.00-16.00<\/p>\n\n\n\n<p>Zapis na konsultacj\u0119 jest jednoznaczny z akceptacj\u0105 Regulaminu. <br><a rel=\"noreferrer noopener\" href=\"https:\/\/drive.google.com\/file\/d\/1giHx1zqzl8Kn_he3l703jQvfErz3t87A\/view?usp=sharing\" target=\"_blank\"><span class=\"has-inline-color has-vivid-cyan-blue-color\"><strong>POBIERZ REGULAMIN.<\/strong><\/span><\/a><\/p>\n\n\n\n<p class=\"has-text-align-left\">UWAGA! Dzieci oraz m\u0142odzie\u017c poni\u017cej 18 roku \u017cycia na pierwsz\u0105 wizyt\u0119 powinny um\u00f3wi\u0107 si\u0119 z rodzicem lub opiekunem oraz dostarczy\u0107 podpisany formularz zgody na udzia\u0142 dziecka w konsultacjach.&nbsp;<br><a rel=\"noreferrer noopener\" href=\"https:\/\/drive.google.com\/file\/d\/1otopJiOD6QhjrWTq0JLMoOD7oTOSgxmS\/view?usp=sharing\" target=\"_blank\"><span class=\"has-inline-color has-vivid-cyan-blue-color\"><strong>POBIERZ FORMULARZ ZGODY DLA RODZICA<\/strong><\/span><\/a><\/p>\n\n\n\n<p><\/p>\n\n\n\n<hr class=\"wp-block-separator\"\/>\n\n\n\n<hr class=\"wp-block-separator\"\/>\n\n\n\n<p class=\"has-text-align-center\">Zadanie publiczne finansowane ze \u015brodk\u00f3w Miasta Krakowa.<br><br><br><a href=\"http:\/\/www.krakow.pl\/\">www.krakow.pl<\/a><br><a href=\"http:\/\/ngo.krakow.pl\/\">ngo.krakow.pl<\/a><\/p>\n","protected":false},"excerpt":{"rendered":"<p>Aby um\u00f3wi\u0107 si\u0119 na pierwsz\u0105 konsultacj\u0119, prosimy o uzupe\u0142nienie formularza zapis\u00f3w:FORMULARZ ZAPISU ONLINEPo otrzymaniu zg\u0142oszenia skontaktujemy si\u0119 w celu potwierdzenia zapisu oraz ustalenia miejsca, terminu i godziny konsultacji.&nbsp; Aby um\u00f3wi\u0107 si\u0119 na kolejne konsultacje prosimy o kontakt telefoniczny pod numerem 572 88 22 00od poniedzia\u0142ku do pi\u0105tku w godz. 12.00-16.00 Zapis na konsultacj\u0119 jest jednoznaczny z akceptacj\u0105 Regulaminu. POBIERZ REGULAMIN. UWAGA! Dzieci oraz m\u0142odzie\u017c poni\u017cej 18 roku \u017cycia na pierwsz\u0105 wizyt\u0119 powinny um\u00f3wi\u0107 si\u0119 z rodzicem lub opiekunem oraz dostarczy\u0107 podpisany formularz zgody na udzia\u0142 dziecka w konsultacjach.&nbsp;POBIERZ FORMULARZ ZGODY DLA RODZICA Zadanie publiczne finansowane ze \u015brodk\u00f3w Miasta Krakowa. www.krakow.plngo.krakow.pl<\/p>\n","protected":false},"author":1,"featured_media":0,"parent":0,"menu_order":3,"comment_status":"closed","ping_status":"closed","template":"","meta":[],"_links":{"self":[{"href":"https:\/\/cppp.org.pl\/index.php\/wp-json\/wp\/v2\/pages\/16"}],"collection":[{"href":"https:\/\/cppp.org.pl\/index.php\/wp-json\/wp\/v2\/pages"}],"about":[{"href":"https:\/\/cppp.org.pl\/index.php\/wp-json\/wp\/v2\/types\/page"}],"author":[{"embeddable":true,"href":"https:\/\/cppp.org.pl\/index.php\/wp-json\/wp\/v2\/users\/1"}],"replies":[{"embeddable":true,"href":"https:\/\/cppp.org.pl\/index.php\/wp-json\/wp\/v2\/comments?post=16"}],"version-history":[{"count":68,"href":"https:\/\/cppp.org.pl\/index.php\/wp-json\/wp\/v2\/pages\/16\/revisions"}],"predecessor-version":[{"id":567,"href":"https:\/\/cppp.org.pl\/index.php\/wp-json\/wp\/v2\/pages\/16\/revisions\/567"}],"wp:attachment":[{"href":"https:\/\/cppp.org.pl\/index.php\/wp-json\/wp\/v2\/media?parent=16"}],"curies":[{"name":"wp","href":"https:\/\/api.w.org\/{rel}","templated":true}]}}