{"id":19,"date":"2020-12-06T16:20:48","date_gmt":"2020-12-06T15:20:48","guid":{"rendered":"http:\/\/cppp.org.pl\/?page_id=19"},"modified":"2024-04-05T06:36:52","modified_gmt":"2024-04-05T04:36:52","slug":"punkty-wsparcia","status":"publish","type":"page","link":"https:\/\/cppp.org.pl\/index.php\/punkty-wsparcia\/","title":{"rendered":"Lokalizacje"},"content":{"rendered":"\n<p>Spotkania prowadzone s\u0105 w Krakowie w czterech punktach:<\/p>\n\n\n\n<p><strong>NOWA HUTA:<\/strong> os. G\u00f3rali 24<br><\/p>\n\n\n\n<p><strong>PODG\u00d3RZE:<\/strong> ul. Czy\u017c\u00f3wka 16<br><\/p>\n\n\n\n<p><strong>\u015aR\u00d3DMIE\u015aCIE:<\/strong> ul. Szlak 65<br><\/p>\n\n\n\n<p><strong>KROWODRZA:<\/strong> ul. Zielony D\u00f3\u0142 4<\/p>\n\n\n\n<hr class=\"wp-block-separator has-css-opacity\"\/>\n\n\n\n<p><a rel=\"noreferrer noopener\" href=\"http:\/\/cppp.org.pl\/index.php\/kontakt\/\" target=\"_blank\"><span style=\"color:#0064af\" class=\"has-inline-color\"><strong>Zobacz jak si\u0119 zg\u0142osi\u0107<\/strong><\/span><\/a><\/p>\n\n\n\n<hr class=\"wp-block-separator has-css-opacity\"\/>\n\n\n\n<p class=\"has-text-align-center\">Zadanie publiczne finansowane ze \u015brodk\u00f3w Miasta Krakowa<\/p>\n\n\n\n<p class=\"has-text-align-center\"><a href=\"http:\/\/www.krakow.pl\/\">www.krakow.pl<\/a><br><a href=\"http:\/\/ngo.krakow.pl\/\">ngo.krakow.pl<\/a><\/p>\n","protected":false},"excerpt":{"rendered":"<p>Spotkania prowadzone s\u0105 w Krakowie w czterech punktach: NOWA HUTA: os. G\u00f3rali 24 PODG\u00d3RZE: ul. Czy\u017c\u00f3wka 16 \u015aR\u00d3DMIE\u015aCIE: ul. Szlak 65 KROWODRZA: ul. Zielony D\u00f3\u0142 4 Zobacz jak si\u0119 zg\u0142osi\u0107 Zadanie publiczne finansowane ze \u015brodk\u00f3w Miasta Krakowa www.krakow.plngo.krakow.pl<\/p>\n","protected":false},"author":1,"featured_media":0,"parent":0,"menu_order":2,"comment_status":"closed","ping_status":"closed","template":"","meta":[],"_links":{"self":[{"href":"https:\/\/cppp.org.pl\/index.php\/wp-json\/wp\/v2\/pages\/19"}],"collection":[{"href":"https:\/\/cppp.org.pl\/index.php\/wp-json\/wp\/v2\/pages"}],"about":[{"href":"https:\/\/cppp.org.pl\/index.php\/wp-json\/wp\/v2\/types\/page"}],"author":[{"embeddable":true,"href":"https:\/\/cppp.org.pl\/index.php\/wp-json\/wp\/v2\/users\/1"}],"replies":[{"embeddable":true,"href":"https:\/\/cppp.org.pl\/index.php\/wp-json\/wp\/v2\/comments?post=19"}],"version-history":[{"count":67,"href":"https:\/\/cppp.org.pl\/index.php\/wp-json\/wp\/v2\/pages\/19\/revisions"}],"predecessor-version":[{"id":577,"href":"https:\/\/cppp.org.pl\/index.php\/wp-json\/wp\/v2\/pages\/19\/revisions\/577"}],"wp:attachment":[{"href":"https:\/\/cppp.org.pl\/index.php\/wp-json\/wp\/v2\/media?parent=19"}],"curies":[{"name":"wp","href":"https:\/\/api.w.org\/{rel}","templated":true}]}}